{"id":143419,"date":"2024-08-10T13:30:15","date_gmt":"2024-08-10T13:30:15","guid":{"rendered":"https:\/\/welovefilm.com.pt\/?page_id=143419"},"modified":"2024-08-11T19:49:47","modified_gmt":"2024-08-11T19:49:47","slug":"blog","status":"publish","type":"page","link":"https:\/\/welovefilm.com.pt\/pt\/blogue\/","title":{"rendered":"Blogue"},"content":{"rendered":"<div class=\"wpb-content-wrapper\"><div data-parent=\"true\" class=\"vc_row style-color-361205-bg row-container\" id=\"row-unique-0\"><div class=\"row quad-top-padding quad-bottom-padding single-h-padding limit-width row-parent\"><div class=\"wpb_row row-inner\"><div class=\"wpb_column pos-top pos-center align_left column_parent col-lg-12 single-internal-gutter\"><div class=\"uncol style-dark\"  ><div class=\"uncoltable\"><div class=\"uncell no-block-padding\" ><div class=\"uncont\" ><div id=\"index-1\" class=\"isotope-system isotope-general-light grid-general-light\" >\n\t\t\t\n\t\t\t\t\t\t<div class=\"isotope-wrapper grid-wrapper single-gutter\">\t\t\t\t\t\t<div class=\"isotope-container grid-container isotope-layout style-metro isotope-infinite grid-infinite\" data-type=\"metro\" data-layout=\"masonry\" data-lg=\"1000\" data-md=\"600\" data-sm=\"480\" data-vp-height=\"\">\t\t\t<div class=\"tmb atc-typography-inherit tmb-iso-w12 tmb-iso-h3 tmb-light tmb-content-lateral-left tmb-content-vertical-middle tmb-content-size-6 tmb-content-lateral-responsive tmb-content-left tmb-content-mobile-center tmb-image-anim  grid-cat-165 tmb-id-145141 tmb-content-lateral tmb-media-first\" ><div class=\"t-inside style-color-xsdn-bg animate_when_almost_visible bottom-t-top\" data-delay=\"200\"><div class=\"t-entry-visual\"><div class=\"t-entry-visual-tc\"><div class=\"t-entry-visual-cont\"><a tabindex=\"-1\" href=\"https:\/\/welovefilm.com.pt\/pt\/como-escolher-o-local-perfeito-para-o-casamento-em-portugal\/\" target=\"_self\" data-lb-index=\"0\"><div class=\"t-entry-visual-overlay\"><div class=\"t-entry-visual-overlay-in style-dark-bg\" style=\"opacity: 0.5;\"><\/div><\/div><div class=\"t-background-cover\" style=\"background-image:url('https:\/\/welovefilm.com.pt\/wp-content\/uploads\/2025\/02\/how-choose-wedding-venue-portugal.jpg')\"><\/div><\/a><\/div>\n\t\t\t\t\t<\/div>\n\t\t\t\t<\/div><div class=\"t-entry-text\">\n\t\t\t\t\t\t\t\t\t<div class=\"t-entry-text-tc triple-block-padding\"><div class=\"t-entry\"><p class=\"t-entry-meta\"><span class=\"t-entry-date\">26\/02\/2025<\/span><\/p><h3 class=\"t-entry-title h2 title-scale\"><a href=\"https:\/\/welovefilm.com.pt\/pt\/como-escolher-o-local-perfeito-para-o-casamento-em-portugal\/\" target=\"_self\">Lista de verifica\u00e7\u00e3o: Como escolher o local perfeito para o seu casamento em Portugal<\/a><\/h3><div class=\"t-entry-excerpt text-lead\"><p class=\"text-lead\">Portugal tornou-se rapidamente numa das principais escolhas de destino...<\/p><\/div><div class=\"spacer spacer-one single-space\"><\/div><p class=\"t-entry-readmore btn-container\"><a href=\"https:\/\/welovefilm.com.pt\/pt\/como-escolher-o-local-perfeito-para-o-casamento-em-portugal\/\" class=\"btn btn-default\" target=\"_self\">Read More<\/a><\/p><\/div><\/div>\n\t\t\t\t\t\t\t<\/div><\/div><\/div><div class=\"tmb atc-typography-inherit tmb-iso-w12 tmb-iso-h3 tmb-light tmb-content-lateral-right tmb-content-vertical-middle tmb-content-size-6 tmb-content-lateral-responsive tmb-content-right tmb-content-mobile-center tmb-image-anim  grid-cat-165 tmb-id-145134 tmb-content-lateral tmb-media-first\" ><div class=\"t-inside style-color-xsdn-bg animate_when_almost_visible bottom-t-top\" data-delay=\"200\"><div class=\"t-entry-visual\"><div class=\"t-entry-visual-tc\"><div class=\"t-entry-visual-cont\"><a tabindex=\"-1\" href=\"https:\/\/welovefilm.com.pt\/pt\/adegas-portuguesas-casamentos-destino\/\" target=\"_self\" data-lb-index=\"1\"><div class=\"t-entry-visual-overlay\"><div class=\"t-entry-visual-overlay-in style-dark-bg\" style=\"opacity: 0.5;\"><\/div><\/div><div class=\"t-background-cover\" style=\"background-image:url('https:\/\/welovefilm.com.pt\/wp-content\/uploads\/2025\/02\/portuguese-wineries-weddings.jpg')\"><\/div><\/a><\/div>\n\t\t\t\t\t<\/div>\n\t\t\t\t<\/div><div class=\"t-entry-text\">\n\t\t\t\t\t\t\t\t\t<div class=\"t-entry-text-tc triple-block-padding\"><div class=\"t-entry\"><p class=\"t-entry-meta\"><span class=\"t-entry-date\">25\/02\/2025<\/span><\/p><h3 class=\"t-entry-title h2 title-scale\"><a href=\"https:\/\/welovefilm.com.pt\/pt\/adegas-portuguesas-casamentos-destino\/\" target=\"_self\">Porque \u00e9 que as adegas portuguesas s\u00e3o o destino perfeito para um casamento<\/a><\/h3><div class=\"t-entry-excerpt text-lead\"><p class=\"text-lead\">No meio de espantosas fileiras de vinhas, s\u00f3 de pensar em caminhar at\u00e9 ao altar...<\/p><\/div><div class=\"spacer spacer-one single-space\"><\/div><p class=\"t-entry-readmore btn-container\"><a href=\"https:\/\/welovefilm.com.pt\/pt\/adegas-portuguesas-casamentos-destino\/\" class=\"btn btn-default\" target=\"_self\">Read More<\/a><\/p><\/div><\/div>\n\t\t\t\t\t\t\t<\/div><\/div><\/div><div class=\"tmb atc-typography-inherit tmb-iso-w12 tmb-iso-h3 tmb-light tmb-content-lateral-left tmb-content-vertical-middle tmb-content-size-6 tmb-content-lateral-responsive tmb-content-left tmb-content-mobile-center tmb-image-anim  grid-cat-165 tmb-id-145129 tmb-content-lateral tmb-media-first\" ><div class=\"t-inside style-color-xsdn-bg animate_when_almost_visible bottom-t-top\" data-delay=\"200\"><div class=\"t-entry-visual\"><div class=\"t-entry-visual-tc\"><div class=\"t-entry-visual-cont\"><a tabindex=\"-1\" href=\"https:\/\/welovefilm.com.pt\/pt\/como-organizar-um-fim-de-semana-de-casamento-em-portugal\/\" target=\"_self\" data-lb-index=\"2\"><div class=\"t-entry-visual-overlay\"><div class=\"t-entry-visual-overlay-in style-dark-bg\" style=\"opacity: 0.5;\"><\/div><\/div><div class=\"t-background-cover\" style=\"background-image:url('https:\/\/welovefilm.com.pt\/wp-content\/uploads\/2025\/02\/organize-wedding-weekend-portugal.jpg')\"><\/div><\/a><\/div>\n\t\t\t\t\t<\/div>\n\t\t\t\t<\/div><div class=\"t-entry-text\">\n\t\t\t\t\t\t\t\t\t<div class=\"t-entry-text-tc triple-block-padding\"><div class=\"t-entry\"><p class=\"t-entry-meta\"><span class=\"t-entry-date\">24\/02\/2025<\/span><\/p><h3 class=\"t-entry-title h2 title-scale\"><a href=\"https:\/\/welovefilm.com.pt\/pt\/como-organizar-um-fim-de-semana-de-casamento-em-portugal\/\" target=\"_self\">Como organizar um fim de semana de casamento em Portugal<\/a><\/h3><div class=\"t-entry-excerpt text-lead\"><p class=\"text-lead\">A organiza\u00e7\u00e3o de um casamento de destino \u00e9 uma excurs\u00e3o extremamente divertida, especialmente para...<\/p><\/div><div class=\"spacer spacer-one single-space\"><\/div><p class=\"t-entry-readmore btn-container\"><a href=\"https:\/\/welovefilm.com.pt\/pt\/como-organizar-um-fim-de-semana-de-casamento-em-portugal\/\" class=\"btn btn-default\" target=\"_self\">Read More<\/a><\/p><\/div><\/div>\n\t\t\t\t\t\t\t<\/div><\/div><\/div><div class=\"tmb atc-typography-inherit tmb-iso-w12 tmb-iso-h3 tmb-light tmb-content-lateral-right tmb-content-vertical-middle tmb-content-size-6 tmb-content-lateral-responsive tmb-content-right tmb-content-mobile-center tmb-image-anim  grid-cat-165 tmb-id-145108 tmb-content-lateral tmb-media-first\" ><div class=\"t-inside style-color-xsdn-bg animate_when_almost_visible bottom-t-top\" data-delay=\"200\"><div class=\"t-entry-visual\"><div class=\"t-entry-visual-tc\"><div class=\"t-entry-visual-cont\"><a tabindex=\"-1\" href=\"https:\/\/welovefilm.com.pt\/pt\/historia-os-locais-de-casamento-mais-famosos-de-portugal\/\" target=\"_self\" data-lb-index=\"3\"><div class=\"t-entry-visual-overlay\"><div class=\"t-entry-visual-overlay-in style-dark-bg\" style=\"opacity: 0.5;\"><\/div><\/div><div class=\"t-background-cover\" style=\"background-image:url('https:\/\/welovefilm.com.pt\/wp-content\/uploads\/2025\/02\/portugals-most-famous-wedding-venues.jpg')\"><\/div><\/a><\/div>\n\t\t\t\t\t<\/div>\n\t\t\t\t<\/div><div class=\"t-entry-text\">\n\t\t\t\t\t\t\t\t\t<div class=\"t-entry-text-tc triple-block-padding\"><div class=\"t-entry\"><p class=\"t-entry-meta\"><span class=\"t-entry-date\">21\/02\/2025<\/span><\/p><h3 class=\"t-entry-title h2 title-scale\"><a href=\"https:\/\/welovefilm.com.pt\/pt\/historia-os-locais-de-casamento-mais-famosos-de-portugal\/\" target=\"_self\">A hist\u00f3ria por detr\u00e1s dos locais de casamento mais famosos de Portugal<\/a><\/h3><div class=\"t-entry-excerpt text-lead\"><p class=\"text-lead\">Ao olharem para Portugal, os casais podem ter a certeza de que n\u00e3o h\u00e1...<\/p><\/div><div class=\"spacer spacer-one single-space\"><\/div><p class=\"t-entry-readmore btn-container\"><a href=\"https:\/\/welovefilm.com.pt\/pt\/historia-os-locais-de-casamento-mais-famosos-de-portugal\/\" class=\"btn btn-default\" target=\"_self\">Read More<\/a><\/p><\/div><\/div>\n\t\t\t\t\t\t\t<\/div><\/div><\/div><div class=\"tmb atc-typography-inherit tmb-iso-w12 tmb-iso-h3 tmb-light tmb-content-lateral-left tmb-content-vertical-middle tmb-content-size-6 tmb-content-lateral-responsive tmb-content-left tmb-content-mobile-center tmb-image-anim  grid-cat-165 tmb-id-145100 tmb-content-lateral tmb-media-first\" ><div class=\"t-inside style-color-xsdn-bg animate_when_almost_visible bottom-t-top\" data-delay=\"200\"><div class=\"t-entry-visual\"><div class=\"t-entry-visual-tc\"><div class=\"t-entry-visual-cont\"><a tabindex=\"-1\" href=\"https:\/\/welovefilm.com.pt\/pt\/melhor-epoca-para-casamentos-em-portugal\/\" target=\"_self\" data-lb-index=\"4\"><div class=\"t-entry-visual-overlay\"><div class=\"t-entry-visual-overlay-in style-dark-bg\" style=\"opacity: 0.5;\"><\/div><\/div><div class=\"t-background-cover\" style=\"background-image:url('https:\/\/welovefilm.com.pt\/wp-content\/uploads\/2025\/02\/best-portugal-wedding-season.jpg')\"><\/div><\/a><\/div>\n\t\t\t\t\t<\/div>\n\t\t\t\t<\/div><div class=\"t-entry-text\">\n\t\t\t\t\t\t\t\t\t<div class=\"t-entry-text-tc triple-block-padding\"><div class=\"t-entry\"><p class=\"t-entry-meta\"><span class=\"t-entry-date\">20\/02\/2025<\/span><\/p><h3 class=\"t-entry-title h2 title-scale\"><a href=\"https:\/\/welovefilm.com.pt\/pt\/melhor-epoca-para-casamentos-em-portugal\/\" target=\"_self\">Casamento em Portugal: A melhor \u00e9poca para cada local<\/a><\/h3><div class=\"t-entry-excerpt text-lead\"><p class=\"text-lead\">Portugal \u00e9 simplesmente deslumbrante quando se trata de planear um casamento de sonho! De...<\/p><\/div><div class=\"spacer spacer-one single-space\"><\/div><p class=\"t-entry-readmore btn-container\"><a href=\"https:\/\/welovefilm.com.pt\/pt\/melhor-epoca-para-casamentos-em-portugal\/\" class=\"btn btn-default\" target=\"_self\">Read More<\/a><\/p><\/div><\/div>\n\t\t\t\t\t\t\t<\/div><\/div><\/div><div class=\"tmb atc-typography-inherit tmb-iso-w12 tmb-iso-h3 tmb-light tmb-content-lateral-right tmb-content-vertical-middle tmb-content-size-6 tmb-content-lateral-responsive tmb-content-right tmb-content-mobile-center tmb-image-anim  grid-cat-165 tmb-id-145093 tmb-content-lateral tmb-media-first\" ><div class=\"t-inside style-color-xsdn-bg animate_when_almost_visible bottom-t-top\" data-delay=\"200\"><div class=\"t-entry-visual\"><div class=\"t-entry-visual-tc\"><div class=\"t-entry-visual-cont\"><a tabindex=\"-1\" href=\"https:\/\/welovefilm.com.pt\/pt\/casamento-com-elementos-culturais-portugueses\/\" target=\"_self\" data-lb-index=\"5\"><div class=\"t-entry-visual-overlay\"><div class=\"t-entry-visual-overlay-in style-dark-bg\" style=\"opacity: 0.5;\"><\/div><\/div><div class=\"t-background-cover\" style=\"background-image:url('https:\/\/welovefilm.com.pt\/wp-content\/uploads\/2025\/02\/portuguese-wedding-cultural-elements.jpg')\"><\/div><\/a><\/div>\n\t\t\t\t\t<\/div>\n\t\t\t\t<\/div><div class=\"t-entry-text\">\n\t\t\t\t\t\t\t\t\t<div class=\"t-entry-text-tc triple-block-padding\"><div class=\"t-entry\"><p class=\"t-entry-meta\"><span class=\"t-entry-date\">19\/02\/2025<\/span><\/p><h3 class=\"t-entry-title h2 title-scale\"><a href=\"https:\/\/welovefilm.com.pt\/pt\/casamento-com-elementos-culturais-portugueses\/\" target=\"_self\">Elementos culturais portugueses para o seu casamento<\/a><\/h3><div class=\"t-entry-excerpt text-lead\"><p class=\"text-lead\">Os elementos culturais do casamento em Portugal s\u00e3o verdadeiramente \u00fanicos e a sua...<\/p><\/div><div class=\"spacer spacer-one single-space\"><\/div><p class=\"t-entry-readmore btn-container\"><a href=\"https:\/\/welovefilm.com.pt\/pt\/casamento-com-elementos-culturais-portugueses\/\" class=\"btn btn-default\" target=\"_self\">Read More<\/a><\/p><\/div><\/div>\n\t\t\t\t\t\t\t<\/div><\/div><\/div><div class=\"tmb atc-typography-inherit tmb-iso-w12 tmb-iso-h3 tmb-light tmb-content-lateral-left tmb-content-vertical-middle tmb-content-size-6 tmb-content-lateral-responsive tmb-content-left tmb-content-mobile-center tmb-image-anim  grid-cat-165 tmb-id-145086 tmb-content-lateral tmb-media-first\" ><div class=\"t-inside style-color-xsdn-bg animate_when_almost_visible bottom-t-top\" data-delay=\"200\"><div class=\"t-entry-visual\"><div class=\"t-entry-visual-tc\"><div class=\"t-entry-visual-cont\"><a tabindex=\"-1\" href=\"https:\/\/welovefilm.com.pt\/pt\/guia-definitivo-da-videografia-de-casamentos-de-destino\/\" target=\"_self\" data-lb-index=\"6\"><div class=\"t-entry-visual-overlay\"><div class=\"t-entry-visual-overlay-in style-dark-bg\" style=\"opacity: 0.5;\"><\/div><\/div><div class=\"t-background-cover\" style=\"background-image:url('https:\/\/welovefilm.com.pt\/wp-content\/uploads\/2025\/02\/ultimate-guide-destination-wedding-videography.jpg')\"><\/div><\/a><\/div>\n\t\t\t\t\t<\/div>\n\t\t\t\t<\/div><div class=\"t-entry-text\">\n\t\t\t\t\t\t\t\t\t<div class=\"t-entry-text-tc triple-block-padding\"><div class=\"t-entry\"><p class=\"t-entry-meta\"><span class=\"t-entry-date\">12\/02\/2025<\/span><\/p><h3 class=\"t-entry-title h2 title-scale\"><a href=\"https:\/\/welovefilm.com.pt\/pt\/guia-definitivo-da-videografia-de-casamentos-de-destino\/\" target=\"_self\">O guia definitivo para a videografia de casamentos no destino<\/a><\/h3><div class=\"t-entry-excerpt text-lead\"><p class=\"text-lead\">O dia do vosso casamento \u00e9 um dos momentos mais queridos da vossa vida - um...<\/p><\/div><div class=\"spacer spacer-one single-space\"><\/div><p class=\"t-entry-readmore btn-container\"><a href=\"https:\/\/welovefilm.com.pt\/pt\/guia-definitivo-da-videografia-de-casamentos-de-destino\/\" class=\"btn btn-default\" target=\"_self\">Read More<\/a><\/p><\/div><\/div>\n\t\t\t\t\t\t\t<\/div><\/div><\/div><div class=\"tmb atc-typography-inherit tmb-iso-w12 tmb-iso-h3 tmb-light tmb-content-lateral-right tmb-content-vertical-middle tmb-content-size-6 tmb-content-lateral-responsive tmb-content-right tmb-content-mobile-center tmb-image-anim  grid-cat-165 tmb-id-145076 tmb-content-lateral tmb-media-first\" ><div class=\"t-inside style-color-xsdn-bg animate_when_almost_visible bottom-t-top\" data-delay=\"200\"><div class=\"t-entry-visual\"><div class=\"t-entry-visual-tc\"><div class=\"t-entry-visual-cont\"><a tabindex=\"-1\" href=\"https:\/\/welovefilm.com.pt\/pt\/legalidades-licencas-explicadas-destination-wedding\/\" target=\"_self\" data-lb-index=\"7\"><div class=\"t-entry-visual-overlay\"><div class=\"t-entry-visual-overlay-in style-dark-bg\" style=\"opacity: 0.5;\"><\/div><\/div><div class=\"t-background-cover\" style=\"background-image:url('https:\/\/welovefilm.com.pt\/wp-content\/uploads\/2025\/02\/permits-requirements-destination-wedding.jpg')\"><\/div><\/a><\/div>\n\t\t\t\t\t<\/div>\n\t\t\t\t<\/div><div class=\"t-entry-text\">\n\t\t\t\t\t\t\t\t\t<div class=\"t-entry-text-tc triple-block-padding\"><div class=\"t-entry\"><p class=\"t-entry-meta\"><span class=\"t-entry-date\">11\/02\/2025<\/span><\/p><h3 class=\"t-entry-title h2 title-scale\"><a href=\"https:\/\/welovefilm.com.pt\/pt\/legalidades-licencas-explicadas-destination-wedding\/\" target=\"_self\">Videografia de casamento no destino facilitada: Explica\u00e7\u00e3o das legalidades e licen\u00e7as<\/a><\/h3><div class=\"t-entry-excerpt text-lead\"><p class=\"text-lead\">Os casamentos de destino ganharam popularidade, oferecendo aos casais a oportunidade de...<\/p><\/div><div class=\"spacer spacer-one single-space\"><\/div><p class=\"t-entry-readmore btn-container\"><a href=\"https:\/\/welovefilm.com.pt\/pt\/legalidades-licencas-explicadas-destination-wedding\/\" class=\"btn btn-default\" target=\"_self\">Read More<\/a><\/p><\/div><\/div>\n\t\t\t\t\t\t\t<\/div><\/div><\/div><div class=\"tmb atc-typography-inherit tmb-iso-w12 tmb-iso-h3 tmb-light tmb-content-lateral-left tmb-content-vertical-middle tmb-content-size-6 tmb-content-lateral-responsive tmb-content-left tmb-content-mobile-center tmb-image-anim  grid-cat-165 tmb-id-145070 tmb-content-lateral tmb-media-first\" ><div class=\"t-inside style-color-xsdn-bg animate_when_almost_visible bottom-t-top\" data-delay=\"200\"><div class=\"t-entry-visual\"><div class=\"t-entry-visual-tc\"><div class=\"t-entry-visual-cont\"><a tabindex=\"-1\" href=\"https:\/\/welovefilm.com.pt\/pt\/locais-de-sonho-para-casamentos-de-destino\/\" target=\"_self\" data-lb-index=\"8\"><div class=\"t-entry-visual-overlay\"><div class=\"t-entry-visual-overlay-in style-dark-bg\" style=\"opacity: 0.5;\"><\/div><\/div><div class=\"t-background-cover\" style=\"background-image:url('https:\/\/welovefilm.com.pt\/wp-content\/uploads\/2025\/02\/wedding-locations-picture-perfect-videography.jpg')\"><\/div><\/a><\/div>\n\t\t\t\t\t<\/div>\n\t\t\t\t<\/div><div class=\"t-entry-text\">\n\t\t\t\t\t\t\t\t\t<div class=\"t-entry-text-tc triple-block-padding\"><div class=\"t-entry\"><p class=\"t-entry-meta\"><span class=\"t-entry-date\">10\/02\/2025<\/span><\/p><h3 class=\"t-entry-title h2 title-scale\"><a href=\"https:\/\/welovefilm.com.pt\/pt\/locais-de-sonho-para-casamentos-de-destino\/\" target=\"_self\">10 locais de sonho para casamentos de destino para uma videografia perfeita<\/a><\/h3><div class=\"t-entry-excerpt text-lead\"><p class=\"text-lead\">Durante a \u00faltima d\u00e9cada, a popularidade dos casamentos de destino aumentou \u00e0 medida que os casais...<\/p><\/div><div class=\"spacer spacer-one single-space\"><\/div><p class=\"t-entry-readmore btn-container\"><a href=\"https:\/\/welovefilm.com.pt\/pt\/locais-de-sonho-para-casamentos-de-destino\/\" class=\"btn btn-default\" target=\"_self\">Read More<\/a><\/p><\/div><\/div>\n\t\t\t\t\t\t\t<\/div><\/div><\/div>\t\t<\/div>\n\t\n\n\t<\/div>\t\t\t<div class=\"isotope-footer grid-footer style-light without-bg single-gutter\">\n\t\t\t\t\t\t\t<div class=\"isotope-footer-inner grid-footer-inner text-center\">\n\t\t\t\t\t<nav class=\"loadmore-button\" style=\"display: none;\">\n\t\t\t\t\t\t<a data-page=\"2\" data-pages=\"7\" href=\"https:\/\/welovefilm.com.pt\/pt\/wp-json\/wp\/v2\/pages\/143419\/?upage=2\" class=\"btn btn-default\" data-label=\"Loading\u2026\"><span>Loading\u2026<\/span><\/a>\t\t\t\t\t<\/nav>\n\t\t\t\t<\/div>\n\t\t\t\t\t<\/div>\n\t\t\t<\/div>\n<\/div><\/div><\/div><\/div><\/div><script id=\"script-row-unique-0\" data-row=\"script-row-unique-0\" type=\"text\/javascript\" class=\"vc_controls\">UNCODE.initRow(document.getElementById(\"row-unique-0\"));<\/script><\/div><\/div><\/div>\n<\/div>","protected":false},"excerpt":{"rendered":"10 Dreamy Destination Wedding Locations for Picture-Perfect VideographyOver the past decade, destination weddings have soared in popularity as couples seek [...]","protected":false},"author":2,"featured_media":0,"parent":0,"menu_order":0,"comment_status":"closed","ping_status":"closed","template":"","meta":{"footnotes":""},"class_list":["post-143419","page","type-page","status-publish","hentry"],"yoast_head":"<!-- This site is optimized with the Yoast SEO plugin v24.5 - https:\/\/yoast.com\/wordpress\/plugins\/seo\/ -->\n<title>Blog | We Love Film<\/title>\n<meta name=\"robots\" content=\"index, follow, max-snippet:-1, max-image-preview:large, max-video-preview:-1\" \/>\n<link rel=\"canonical\" href=\"https:\/\/welovefilm.com.pt\/pt\/blogue\/\" \/>\n<meta property=\"og:locale\" content=\"pt_PT\" \/>\n<meta property=\"og:type\" content=\"article\" \/>\n<meta property=\"og:title\" content=\"Blog | We Love Film\" \/>\n<meta property=\"og:url\" content=\"https:\/\/welovefilm.com.pt\/pt\/blogue\/\" \/>\n<meta property=\"og:site_name\" content=\"We Love Film\" \/>\n<meta property=\"article:publisher\" content=\"https:\/\/www.facebook.com\/wlovefilm\/\" \/>\n<meta property=\"article:modified_time\" content=\"2024-08-11T19:49:47+00:00\" \/>\n<meta property=\"og:image\" content=\"https:\/\/welovefilm.com.pt\/wp-content\/uploads\/2024\/07\/cropped-Monograma-Fundo-Branco-01-scaled-1.jpg\" \/>\n\t<meta property=\"og:image:width\" content=\"512\" \/>\n\t<meta property=\"og:image:height\" content=\"512\" \/>\n\t<meta property=\"og:image:type\" content=\"image\/jpeg\" \/>\n<meta name=\"twitter:card\" content=\"summary_large_image\" \/>\n<meta name=\"twitter:site\" content=\"@WeLoveFilm1\" \/>\n<meta name=\"twitter:label1\" content=\"Tempo estimado de leitura\" \/>\n\t<meta name=\"twitter:data1\" content=\"1 minuto\" \/>\n<script type=\"application\/ld+json\" class=\"yoast-schema-graph\">{\"@context\":\"https:\/\/schema.org\",\"@graph\":[{\"@type\":\"WebPage\",\"@id\":\"https:\/\/welovefilm.com.pt\/en\/blog\/\",\"url\":\"https:\/\/welovefilm.com.pt\/en\/blog\/\",\"name\":\"Blog | We Love Film\",\"isPartOf\":{\"@id\":\"https:\/\/welovefilm.com.pt\/en\/#website\"},\"datePublished\":\"2024-08-10T13:30:15+00:00\",\"dateModified\":\"2024-08-11T19:49:47+00:00\",\"breadcrumb\":{\"@id\":\"https:\/\/welovefilm.com.pt\/en\/blog\/#breadcrumb\"},\"inLanguage\":\"pt-PT\",\"potentialAction\":[{\"@type\":\"ReadAction\",\"target\":[\"https:\/\/welovefilm.com.pt\/en\/blog\/\"]}]},{\"@type\":\"BreadcrumbList\",\"@id\":\"https:\/\/welovefilm.com.pt\/en\/blog\/#breadcrumb\",\"itemListElement\":[{\"@type\":\"ListItem\",\"position\":1,\"name\":\"Home\",\"item\":\"https:\/\/welovefilm.com.pt\/\"},{\"@type\":\"ListItem\",\"position\":2,\"name\":\"Blog\"}]},{\"@type\":\"WebSite\",\"@id\":\"https:\/\/welovefilm.com.pt\/en\/#website\",\"url\":\"https:\/\/welovefilm.com.pt\/en\/\",\"name\":\"We Love Film\",\"description\":\"Wedding and Lifestyle Filmmakers\",\"publisher\":{\"@id\":\"https:\/\/welovefilm.com.pt\/en\/#organization\"},\"potentialAction\":[{\"@type\":\"SearchAction\",\"target\":{\"@type\":\"EntryPoint\",\"urlTemplate\":\"https:\/\/welovefilm.com.pt\/en\/?s={search_term_string}\"},\"query-input\":{\"@type\":\"PropertyValueSpecification\",\"valueRequired\":true,\"valueName\":\"search_term_string\"}}],\"inLanguage\":\"pt-PT\"},{\"@type\":\"Organization\",\"@id\":\"https:\/\/welovefilm.com.pt\/en\/#organization\",\"name\":\"We Love Film\",\"url\":\"https:\/\/welovefilm.com.pt\/en\/\",\"logo\":{\"@type\":\"ImageObject\",\"inLanguage\":\"pt-PT\",\"@id\":\"https:\/\/welovefilm.com.pt\/en\/#\/schema\/logo\/image\/\",\"url\":\"https:\/\/welovefilm.com.pt\/wp-content\/uploads\/2024\/07\/cropped-Monograma-Fundo-Branco-01-scaled-1.jpg\",\"contentUrl\":\"https:\/\/welovefilm.com.pt\/wp-content\/uploads\/2024\/07\/cropped-Monograma-Fundo-Branco-01-scaled-1.jpg\",\"width\":512,\"height\":512,\"caption\":\"We Love Film\"},\"image\":{\"@id\":\"https:\/\/welovefilm.com.pt\/en\/#\/schema\/logo\/image\/\"},\"sameAs\":[\"https:\/\/www.facebook.com\/wlovefilm\/\",\"https:\/\/x.com\/WeLoveFilm1\",\"https:\/\/www.instagram.com\/welovefilmpt\/\",\"https:\/\/www.linkedin.com\/in\/cesaroliveirasousa\/\"]}]}<\/script>\n<!-- \/ Yoast SEO plugin. -->","yoast_head_json":{"title":"Blog | We Love Film","robots":{"index":"index","follow":"follow","max-snippet":"max-snippet:-1","max-image-preview":"max-image-preview:large","max-video-preview":"max-video-preview:-1"},"canonical":"https:\/\/welovefilm.com.pt\/pt\/blogue\/","og_locale":"pt_PT","og_type":"article","og_title":"Blog | We Love Film","og_url":"https:\/\/welovefilm.com.pt\/pt\/blogue\/","og_site_name":"We Love Film","article_publisher":"https:\/\/www.facebook.com\/wlovefilm\/","article_modified_time":"2024-08-11T19:49:47+00:00","og_image":[{"width":512,"height":512,"url":"https:\/\/welovefilm.com.pt\/wp-content\/uploads\/2024\/07\/cropped-Monograma-Fundo-Branco-01-scaled-1.jpg","type":"image\/jpeg"}],"twitter_card":"summary_large_image","twitter_site":"@WeLoveFilm1","twitter_misc":{"Tempo estimado de leitura":"1 minuto"},"schema":{"@context":"https:\/\/schema.org","@graph":[{"@type":"WebPage","@id":"https:\/\/welovefilm.com.pt\/en\/blog\/","url":"https:\/\/welovefilm.com.pt\/en\/blog\/","name":"Blog | We Love Film","isPartOf":{"@id":"https:\/\/welovefilm.com.pt\/en\/#website"},"datePublished":"2024-08-10T13:30:15+00:00","dateModified":"2024-08-11T19:49:47+00:00","breadcrumb":{"@id":"https:\/\/welovefilm.com.pt\/en\/blog\/#breadcrumb"},"inLanguage":"pt-PT","potentialAction":[{"@type":"ReadAction","target":["https:\/\/welovefilm.com.pt\/en\/blog\/"]}]},{"@type":"BreadcrumbList","@id":"https:\/\/welovefilm.com.pt\/en\/blog\/#breadcrumb","itemListElement":[{"@type":"ListItem","position":1,"name":"Home","item":"https:\/\/welovefilm.com.pt\/"},{"@type":"ListItem","position":2,"name":"Blog"}]},{"@type":"WebSite","@id":"https:\/\/welovefilm.com.pt\/en\/#website","url":"https:\/\/welovefilm.com.pt\/en\/","name":"We Love Film","description":"Wedding and Lifestyle Filmmakers","publisher":{"@id":"https:\/\/welovefilm.com.pt\/en\/#organization"},"potentialAction":[{"@type":"SearchAction","target":{"@type":"EntryPoint","urlTemplate":"https:\/\/welovefilm.com.pt\/en\/?s={search_term_string}"},"query-input":{"@type":"PropertyValueSpecification","valueRequired":true,"valueName":"search_term_string"}}],"inLanguage":"pt-PT"},{"@type":"Organization","@id":"https:\/\/welovefilm.com.pt\/en\/#organization","name":"We Love Film","url":"https:\/\/welovefilm.com.pt\/en\/","logo":{"@type":"ImageObject","inLanguage":"pt-PT","@id":"https:\/\/welovefilm.com.pt\/en\/#\/schema\/logo\/image\/","url":"https:\/\/welovefilm.com.pt\/wp-content\/uploads\/2024\/07\/cropped-Monograma-Fundo-Branco-01-scaled-1.jpg","contentUrl":"https:\/\/welovefilm.com.pt\/wp-content\/uploads\/2024\/07\/cropped-Monograma-Fundo-Branco-01-scaled-1.jpg","width":512,"height":512,"caption":"We Love Film"},"image":{"@id":"https:\/\/welovefilm.com.pt\/en\/#\/schema\/logo\/image\/"},"sameAs":["https:\/\/www.facebook.com\/wlovefilm\/","https:\/\/x.com\/WeLoveFilm1","https:\/\/www.instagram.com\/welovefilmpt\/","https:\/\/www.linkedin.com\/in\/cesaroliveirasousa\/"]}]}},"_links":{"self":[{"href":"https:\/\/welovefilm.com.pt\/pt\/wp-json\/wp\/v2\/pages\/143419","targetHints":{"allow":["GET"]}}],"collection":[{"href":"https:\/\/welovefilm.com.pt\/pt\/wp-json\/wp\/v2\/pages"}],"about":[{"href":"https:\/\/welovefilm.com.pt\/pt\/wp-json\/wp\/v2\/types\/page"}],"author":[{"embeddable":true,"href":"https:\/\/welovefilm.com.pt\/pt\/wp-json\/wp\/v2\/users\/2"}],"replies":[{"embeddable":true,"href":"https:\/\/welovefilm.com.pt\/pt\/wp-json\/wp\/v2\/comments?post=143419"}],"version-history":[{"count":0,"href":"https:\/\/welovefilm.com.pt\/pt\/wp-json\/wp\/v2\/pages\/143419\/revisions"}],"wp:attachment":[{"href":"https:\/\/welovefilm.com.pt\/pt\/wp-json\/wp\/v2\/media?parent=143419"}],"curies":[{"name":"wp","href":"https:\/\/api.w.org\/{rel}","templated":true}]}}