{"id":142647,"date":"2024-07-18T21:50:31","date_gmt":"2024-07-18T21:50:31","guid":{"rendered":"https:\/\/welovefilm.com.pt\/?page_id=142647"},"modified":"2024-07-29T16:42:06","modified_gmt":"2024-07-29T16:42:06","slug":"privacy-policy","status":"publish","type":"page","link":"https:\/\/welovefilm.com.pt\/pt\/politica-de-privacidade\/","title":{"rendered":"Pol\u00edtica de privacidade"},"content":{"rendered":"<div class=\"wpb-content-wrapper\"><div data-parent=\"true\" class=\"vc_row style-color-xsdn-bg row-container\" id=\"row-unique-0\"><div class=\"row quad-top-padding quad-bottom-padding single-h-padding limit-width row-parent\" data-height-ratio=\"65\"><div class=\"wpb_row row-inner\"><div class=\"wpb_column pos-middle pos-center align_left column_parent col-lg-12 double-internal-gutter\"><div class=\"uncol style-light animate_when_almost_visible alpha-anim\"  data-speed=\"1000\"><div class=\"uncoltable\"><div class=\"uncell no-block-padding\" ><div class=\"uncont\" ><div class=\"vc_row row-internal row-container\"><div class=\"row col-triple-gutter row-child\"><div class=\"wpb_row row-inner\"><div class=\"wpb_column pos-top pos-center align_left column_child col-lg-7 single-internal-gutter\"><div class=\"uncol style-light\" ><div class=\"uncoltable\"><div class=\"uncell no-block-padding\" ><div class=\"uncont\" ><div class=\"vc_custom_heading_wrap\"><div class=\"heading-text el-text\" ><h1 class=\"h1\" ><span><a class=\"cursor-init\" href=\"https:\/\/welovefilm.com.pt\/pt\/privacy-and-policy\/\" target=\"_blank\" rel=\"noopener\">Pol\u00edtica de privacidade<\/a><\/span><\/h1><\/div><div class=\"clear\"><\/div><\/div><\/div><\/div><\/div><\/div><\/div><div class=\"wpb_column pos-bottom pos-center align_left column_child col-lg-5 single-internal-gutter\"><div class=\"uncol style-light\" ><div class=\"uncoltable\"><div class=\"uncell no-block-padding\" ><div class=\"uncont\" ><\/div><\/div><\/div><\/div><\/div><\/div><\/div><\/div><div class=\"uncode_text_column\" ><p>Bem-vindo ao <strong>AMAMOS O CINEMA<\/strong> s\u00edtio web \"welovefilm.com.pt\".<\/p>\n<p>Respeitamos a sua privacidade e estamos empenhados em proteger as informa\u00e7\u00f5es pessoais que nos fornece. Este <strong>Pol\u00edtica de privacidade<\/strong> descreve a forma como recolhemos, utilizamos, divulgamos e protegemos as suas informa\u00e7\u00f5es pessoais quando visita o nosso Site e utiliza o nosso formul\u00e1rio de contacto para agendar os nossos servi\u00e7os.<\/p>\n<h2><strong><br \/>\n1. Informa\u00e7\u00f5es que recolhemos<\/strong><\/h2>\n<p><strong>1.1. Informa\u00e7\u00f5es pessoais<br \/>\n<\/strong><br \/>\nQuando utiliza o nosso formul\u00e1rio de contacto para obter informa\u00e7\u00f5es ou agendar os nossos servi\u00e7os, podemos recolher as seguintes informa\u00e7\u00f5es pessoais:<br \/>\n- Nome completo<br \/>\n- Endere\u00e7o de correio eletr\u00f3nico<br \/>\n- N\u00famero de telefone<br \/>\n- Endere\u00e7o f\u00edsico<br \/>\n- Detalhes do evento (data, local, tipo de evento)<br \/>\n- Informa\u00e7\u00f5es adicionais que pode fornecer no campo de mensagem<\/p>\n<p><strong>1.2 Informa\u00e7\u00f5es de navega\u00e7\u00e3o<br \/>\n<\/strong><br \/>\nRecolhemos automaticamente determinadas informa\u00e7\u00f5es sobre a sua visita ao nosso Site, incluindo:<br \/>\n- Endere\u00e7o IP<br \/>\n- Tipo de navegador<br \/>\n- Sistema operativo<br \/>\n- P\u00e1ginas visitadas<br \/>\n- Hora e data de acesso<br \/>\n- Endere\u00e7os de s\u00edtios Web de refer\u00eancia<\/p>\n<p><strong>1.3 Cookies e tecnologias de rastreio<\/strong><\/p>\n<p>Utilizamos cookies e tecnologias de rastreio semelhantes para rastrear a atividade no nosso S\u00edtio e guardar determinadas informa\u00e7\u00f5es. Os cookies s\u00e3o ficheiros com uma pequena quantidade de dados que podem incluir um identificador \u00fanico an\u00f3nimo. O utilizador pode dar instru\u00e7\u00f5es ao seu browser para recusar todos os cookies ou para indicar quando um cookie est\u00e1 a ser enviado. No entanto, se n\u00e3o aceitar cookies, poder\u00e1 n\u00e3o conseguir utilizar algumas partes do nosso S\u00edtio.<\/p>\n<h3>2. Como utilizamos as suas informa\u00e7\u00f5es<\/h3>\n<p>Utilizamos as informa\u00e7\u00f5es recolhidas para v\u00e1rios fins:<br \/>\n- Para responder aos seus pedidos de informa\u00e7\u00e3o e prestar os servi\u00e7os solicitados pelo utilizador<br \/>\n- Para gerir as suas inscri\u00e7\u00f5es e comunicar sobre o seu evento<br \/>\n- Para lhe enviar actualiza\u00e7\u00f5es, materiais promocionais e outras informa\u00e7\u00f5es relacionadas com os nossos servi\u00e7os, desde que tenha optado por receber essas comunica\u00e7\u00f5es<br \/>\n- Para melhorar o nosso s\u00edtio e os nossos servi\u00e7os<br \/>\n- Para monitorizar e analisar a utiliza\u00e7\u00e3o e as tend\u00eancias para melhorar a experi\u00eancia do utilizador no nosso S\u00edtio<br \/>\n- Para detetar, prevenir e resolver problemas t\u00e9cnicos<\/p>\n<h3>3. Partilha de informa\u00e7\u00f5es<\/h3>\n<p>N\u00e3o vendemos, alugamos ou divulgamos as suas informa\u00e7\u00f5es pessoais a terceiros, exceto nas seguintes circunst\u00e2ncias:<\/p>\n<p><strong>Prestadores de servi\u00e7os:<\/strong> Podemos partilhar as suas informa\u00e7\u00f5es com fornecedores de servi\u00e7os que nos ajudam a operar o nosso S\u00edtio, a conduzir o nosso neg\u00f3cio ou a prestar servi\u00e7os ao utilizador, desde que essas partes concordem em manter essas informa\u00e7\u00f5es confidenciais.<br \/>\n<strong>Requisitos legais:<\/strong> Podemos divulgar as suas informa\u00e7\u00f5es se tal for exigido por lei ou em resposta a pedidos v\u00e1lidos de autoridades p\u00fablicas (por exemplo, um tribunal ou uma ag\u00eancia governamental).<br \/>\n<strong>Transfer\u00eancias de empresas:<\/strong>\u00a0No caso de uma fus\u00e3o, aquisi\u00e7\u00e3o ou venda da totalidade ou de parte dos nossos activos, as suas informa\u00e7\u00f5es pessoais podem ser transferidas como parte da transa\u00e7\u00e3o.<br \/>\n<strong>Autorizado:<\/strong> Podemos partilhar as suas informa\u00e7\u00f5es com o seu consentimento expl\u00edcito.<\/p>\n<h3>4. Seguran\u00e7a da informa\u00e7\u00e3o<\/h3>\n<p>Implementamos uma s\u00e9rie de medidas de seguran\u00e7a para manter a seguran\u00e7a das suas informa\u00e7\u00f5es pessoais quando introduz, envia ou acede \u00e0s suas informa\u00e7\u00f5es pessoais. Estas medidas incluem encripta\u00e7\u00e3o, firewalls e tecnologia Secure Socket Layer (SSL). No entanto, lembre-se de que nenhum m\u00e9todo de transmiss\u00e3o pela Internet ou m\u00e9todo de armazenamento eletr\u00f3nico \u00e9 100% seguro. Embora nos esforcemos por utilizar meios comercialmente aceit\u00e1veis para proteger as suas informa\u00e7\u00f5es pessoais, n\u00e3o podemos garantir a sua seguran\u00e7a absoluta.<\/p>\n<h3>5. Os seus direitos<\/h3>\n<p>Tem o direito de:<strong><br \/>\nAcesso:<\/strong>\u00a0Pedir acesso \u00e0s informa\u00e7\u00f5es pessoais que temos sobre si.<br \/>\n<strong>Retifica\u00e7\u00e3o:<\/strong> Solicitar a corre\u00e7\u00e3o de quaisquer informa\u00e7\u00f5es inexactas ou incompletas que tenhamos sobre si.<br \/>\n<strong>Apagamento:<\/strong> Solicitar a elimina\u00e7\u00e3o das suas informa\u00e7\u00f5es pessoais quando estas deixarem de ser necess\u00e1rias para os fins para que foram recolhidas ou quando retirar o seu consentimento (quando aplic\u00e1vel).<br \/>\n<strong>Obje\u00e7\u00e3o:<\/strong> Opor-se ao tratamento das suas informa\u00e7\u00f5es pessoais em determinadas circunst\u00e2ncias.<br \/>\n<strong>Restri\u00e7\u00e3o:<\/strong> Solicitar a restri\u00e7\u00e3o do tratamento das suas informa\u00e7\u00f5es pessoais em determinadas circunst\u00e2ncias.<br \/>\n<strong>Portabilidade dos dados:<\/strong> Solicitar a transfer\u00eancia das suas informa\u00e7\u00f5es pessoais para outra entidade.<\/p>\n<p>Para exercer estes direitos, contacte-nos atrav\u00e9s do seguinte endere\u00e7o <strong>hello@welovefilm.com.pt<\/strong><\/p>\n<h3>6. Biscoitos<\/h3>\n<p>Utilizamos cookies para melhorar a experi\u00eancia do utilizador no nosso S\u00edtio. O utilizador pode optar por desativar os cookies nas defini\u00e7\u00f5es do seu browser, mas isso pode afetar a funcionalidade do S\u00edtio.<\/p>\n<h3>7. Altera\u00e7\u00f5es \u00e0 presente pol\u00edtica de privacidade<\/h3>\n<p>Reservamo-nos o direito de atualizar esta Pol\u00edtica de Privacidade em qualquer altura. Quaisquer altera\u00e7\u00f5es ser\u00e3o publicadas nesta p\u00e1gina com a data da \u00faltima atualiza\u00e7\u00e3o.<\/p>\n<h3>8. Contacto<\/h3>\n<p>Se tiver alguma d\u00favida sobre esta Pol\u00edtica de Privacidade, contacte-nos:<br \/>\n- N\u00f3s adoramos filmes<br \/>\n- Correio eletr\u00f3nico: hello@welovefilm.com.pt<br \/>\n- Telefonar: +351 918 279 801 (chamada para a rede m\u00f3vel nacional)<\/p>\n<p>Obrigado por confiar em n\u00f3s. Estamos empenhados em proteger a sua privacidade e em fornecer um servi\u00e7o de alta qualidade.<\/p>\n<\/div><\/div><\/div><\/div><\/div><\/div><script id=\"script-row-unique-0\" data-row=\"script-row-unique-0\" type=\"text\/javascript\" class=\"vc_controls\">UNCODE.initRow(document.getElementById(\"row-unique-0\"));<\/script><\/div><\/div><\/div>\n<\/div>","protected":false},"excerpt":{"rendered":"Privacy PolicyWelcome to WE LOVE FILM website &#8220;welovefilm.com.pt&#8221;. We respect your privacy and are committed to protecting the personal information [...]","protected":false},"author":2,"featured_media":0,"parent":0,"menu_order":0,"comment_status":"closed","ping_status":"closed","template":"","meta":{"footnotes":""},"class_list":["post-142647","page","type-page","status-publish","hentry"],"yoast_head":"<!-- This site is optimized with the Yoast SEO plugin v24.5 - https:\/\/yoast.com\/wordpress\/plugins\/seo\/ -->\n<title>Privacy Policy | We Love Film<\/title>\n<meta name=\"robots\" content=\"index, follow, max-snippet:-1, max-image-preview:large, max-video-preview:-1\" \/>\n<link rel=\"canonical\" href=\"https:\/\/welovefilm.com.pt\/pt\/politica-de-privacidade\/\" \/>\n<meta property=\"og:locale\" content=\"pt_PT\" \/>\n<meta property=\"og:type\" content=\"article\" \/>\n<meta property=\"og:title\" content=\"Privacy Policy | We Love Film\" \/>\n<meta property=\"og:url\" content=\"https:\/\/welovefilm.com.pt\/pt\/politica-de-privacidade\/\" \/>\n<meta property=\"og:site_name\" content=\"We Love Film\" \/>\n<meta property=\"article:publisher\" content=\"https:\/\/www.facebook.com\/wlovefilm\/\" \/>\n<meta property=\"article:modified_time\" content=\"2024-07-29T16:42:06+00:00\" \/>\n<meta property=\"og:image\" content=\"https:\/\/welovefilm.com.pt\/wp-content\/uploads\/2024\/07\/cropped-Monograma-Fundo-Branco-01-scaled-1.jpg\" \/>\n\t<meta property=\"og:image:width\" content=\"512\" \/>\n\t<meta property=\"og:image:height\" content=\"512\" \/>\n\t<meta property=\"og:image:type\" content=\"image\/jpeg\" \/>\n<meta name=\"twitter:card\" content=\"summary_large_image\" \/>\n<meta name=\"twitter:site\" content=\"@WeLoveFilm1\" \/>\n<meta name=\"twitter:label1\" content=\"Tempo estimado de leitura\" \/>\n\t<meta name=\"twitter:data1\" content=\"4 minutos\" \/>\n<script type=\"application\/ld+json\" class=\"yoast-schema-graph\">{\"@context\":\"https:\/\/schema.org\",\"@graph\":[{\"@type\":\"WebPage\",\"@id\":\"https:\/\/welovefilm.com.pt\/en\/privacy-policy\/\",\"url\":\"https:\/\/welovefilm.com.pt\/en\/privacy-policy\/\",\"name\":\"Privacy Policy | We Love Film\",\"isPartOf\":{\"@id\":\"https:\/\/welovefilm.com.pt\/en\/#website\"},\"datePublished\":\"2024-07-18T21:50:31+00:00\",\"dateModified\":\"2024-07-29T16:42:06+00:00\",\"breadcrumb\":{\"@id\":\"https:\/\/welovefilm.com.pt\/en\/privacy-policy\/#breadcrumb\"},\"inLanguage\":\"pt-PT\",\"potentialAction\":[{\"@type\":\"ReadAction\",\"target\":[\"https:\/\/welovefilm.com.pt\/en\/privacy-policy\/\"]}]},{\"@type\":\"BreadcrumbList\",\"@id\":\"https:\/\/welovefilm.com.pt\/en\/privacy-policy\/#breadcrumb\",\"itemListElement\":[{\"@type\":\"ListItem\",\"position\":1,\"name\":\"Home\",\"item\":\"https:\/\/welovefilm.com.pt\/\"},{\"@type\":\"ListItem\",\"position\":2,\"name\":\"Privacy Policy\"}]},{\"@type\":\"WebSite\",\"@id\":\"https:\/\/welovefilm.com.pt\/en\/#website\",\"url\":\"https:\/\/welovefilm.com.pt\/en\/\",\"name\":\"We Love Film\",\"description\":\"Wedding and Lifestyle Filmmakers\",\"publisher\":{\"@id\":\"https:\/\/welovefilm.com.pt\/en\/#organization\"},\"potentialAction\":[{\"@type\":\"SearchAction\",\"target\":{\"@type\":\"EntryPoint\",\"urlTemplate\":\"https:\/\/welovefilm.com.pt\/en\/?s={search_term_string}\"},\"query-input\":{\"@type\":\"PropertyValueSpecification\",\"valueRequired\":true,\"valueName\":\"search_term_string\"}}],\"inLanguage\":\"pt-PT\"},{\"@type\":\"Organization\",\"@id\":\"https:\/\/welovefilm.com.pt\/en\/#organization\",\"name\":\"We Love Film\",\"url\":\"https:\/\/welovefilm.com.pt\/en\/\",\"logo\":{\"@type\":\"ImageObject\",\"inLanguage\":\"pt-PT\",\"@id\":\"https:\/\/welovefilm.com.pt\/en\/#\/schema\/logo\/image\/\",\"url\":\"https:\/\/welovefilm.com.pt\/wp-content\/uploads\/2024\/07\/cropped-Monograma-Fundo-Branco-01-scaled-1.jpg\",\"contentUrl\":\"https:\/\/welovefilm.com.pt\/wp-content\/uploads\/2024\/07\/cropped-Monograma-Fundo-Branco-01-scaled-1.jpg\",\"width\":512,\"height\":512,\"caption\":\"We Love Film\"},\"image\":{\"@id\":\"https:\/\/welovefilm.com.pt\/en\/#\/schema\/logo\/image\/\"},\"sameAs\":[\"https:\/\/www.facebook.com\/wlovefilm\/\",\"https:\/\/x.com\/WeLoveFilm1\",\"https:\/\/www.instagram.com\/welovefilmpt\/\",\"https:\/\/www.linkedin.com\/in\/cesaroliveirasousa\/\"]}]}<\/script>\n<!-- \/ Yoast SEO plugin. -->","yoast_head_json":{"title":"Privacy Policy | We Love Film","robots":{"index":"index","follow":"follow","max-snippet":"max-snippet:-1","max-image-preview":"max-image-preview:large","max-video-preview":"max-video-preview:-1"},"canonical":"https:\/\/welovefilm.com.pt\/pt\/politica-de-privacidade\/","og_locale":"pt_PT","og_type":"article","og_title":"Privacy Policy | We Love Film","og_url":"https:\/\/welovefilm.com.pt\/pt\/politica-de-privacidade\/","og_site_name":"We Love Film","article_publisher":"https:\/\/www.facebook.com\/wlovefilm\/","article_modified_time":"2024-07-29T16:42:06+00:00","og_image":[{"width":512,"height":512,"url":"https:\/\/welovefilm.com.pt\/wp-content\/uploads\/2024\/07\/cropped-Monograma-Fundo-Branco-01-scaled-1.jpg","type":"image\/jpeg"}],"twitter_card":"summary_large_image","twitter_site":"@WeLoveFilm1","twitter_misc":{"Tempo estimado de leitura":"4 minutos"},"schema":{"@context":"https:\/\/schema.org","@graph":[{"@type":"WebPage","@id":"https:\/\/welovefilm.com.pt\/en\/privacy-policy\/","url":"https:\/\/welovefilm.com.pt\/en\/privacy-policy\/","name":"Privacy Policy | We Love Film","isPartOf":{"@id":"https:\/\/welovefilm.com.pt\/en\/#website"},"datePublished":"2024-07-18T21:50:31+00:00","dateModified":"2024-07-29T16:42:06+00:00","breadcrumb":{"@id":"https:\/\/welovefilm.com.pt\/en\/privacy-policy\/#breadcrumb"},"inLanguage":"pt-PT","potentialAction":[{"@type":"ReadAction","target":["https:\/\/welovefilm.com.pt\/en\/privacy-policy\/"]}]},{"@type":"BreadcrumbList","@id":"https:\/\/welovefilm.com.pt\/en\/privacy-policy\/#breadcrumb","itemListElement":[{"@type":"ListItem","position":1,"name":"Home","item":"https:\/\/welovefilm.com.pt\/"},{"@type":"ListItem","position":2,"name":"Privacy Policy"}]},{"@type":"WebSite","@id":"https:\/\/welovefilm.com.pt\/en\/#website","url":"https:\/\/welovefilm.com.pt\/en\/","name":"We Love Film","description":"Wedding and Lifestyle Filmmakers","publisher":{"@id":"https:\/\/welovefilm.com.pt\/en\/#organization"},"potentialAction":[{"@type":"SearchAction","target":{"@type":"EntryPoint","urlTemplate":"https:\/\/welovefilm.com.pt\/en\/?s={search_term_string}"},"query-input":{"@type":"PropertyValueSpecification","valueRequired":true,"valueName":"search_term_string"}}],"inLanguage":"pt-PT"},{"@type":"Organization","@id":"https:\/\/welovefilm.com.pt\/en\/#organization","name":"We Love Film","url":"https:\/\/welovefilm.com.pt\/en\/","logo":{"@type":"ImageObject","inLanguage":"pt-PT","@id":"https:\/\/welovefilm.com.pt\/en\/#\/schema\/logo\/image\/","url":"https:\/\/welovefilm.com.pt\/wp-content\/uploads\/2024\/07\/cropped-Monograma-Fundo-Branco-01-scaled-1.jpg","contentUrl":"https:\/\/welovefilm.com.pt\/wp-content\/uploads\/2024\/07\/cropped-Monograma-Fundo-Branco-01-scaled-1.jpg","width":512,"height":512,"caption":"We Love Film"},"image":{"@id":"https:\/\/welovefilm.com.pt\/en\/#\/schema\/logo\/image\/"},"sameAs":["https:\/\/www.facebook.com\/wlovefilm\/","https:\/\/x.com\/WeLoveFilm1","https:\/\/www.instagram.com\/welovefilmpt\/","https:\/\/www.linkedin.com\/in\/cesaroliveirasousa\/"]}]}},"_links":{"self":[{"href":"https:\/\/welovefilm.com.pt\/pt\/wp-json\/wp\/v2\/pages\/142647","targetHints":{"allow":["GET"]}}],"collection":[{"href":"https:\/\/welovefilm.com.pt\/pt\/wp-json\/wp\/v2\/pages"}],"about":[{"href":"https:\/\/welovefilm.com.pt\/pt\/wp-json\/wp\/v2\/types\/page"}],"author":[{"embeddable":true,"href":"https:\/\/welovefilm.com.pt\/pt\/wp-json\/wp\/v2\/users\/2"}],"replies":[{"embeddable":true,"href":"https:\/\/welovefilm.com.pt\/pt\/wp-json\/wp\/v2\/comments?post=142647"}],"version-history":[{"count":0,"href":"https:\/\/welovefilm.com.pt\/pt\/wp-json\/wp\/v2\/pages\/142647\/revisions"}],"wp:attachment":[{"href":"https:\/\/welovefilm.com.pt\/pt\/wp-json\/wp\/v2\/media?parent=142647"}],"curies":[{"name":"wp","href":"https:\/\/api.w.org\/{rel}","templated":true}]}}